{"id":9521,"date":"2025-01-15T22:32:59","date_gmt":"2025-01-15T21:32:59","guid":{"rendered":"https:\/\/hifi-achterholt.de\/?post_type=product&#038;p=9521"},"modified":"2025-01-15T22:37:35","modified_gmt":"2025-01-15T21:37:35","slug":"linn-akurate-exaktbox-i","status":"publish","type":"product","link":"https:\/\/hifi-achterholt.de\/en\/produkt\/linn-akurate-exaktbox-i\/","title":{"rendered":"LINN Akurate Exaktbox I"},"content":{"rendered":"\n<p>Digitale Frequenzweiche mit Digital-Analog-Wandler Katalyst, geeignet f\u00fcr Lautsprecher von Linn und ausgesuchte Drittanbieter<br><br>Der Linn Exakt Link verbindet die Exaktbox \u00fcber Exakt Link mit einem Exakt-f\u00e4higen Netzwerk-Spieler und verwende einen Endverst\u00e4rker ihrer Wahl f\u00fcr die Aktivierung der Lautsprecher.<\/p>\n","protected":false},"excerpt":{"rendered":"<p>aus der Vorf\u00fchrung<\/p>\n","protected":false},"featured_media":9391,"template":"","meta":[],"product_brand":[],"product_cat":[89],"product_tag":[],"class_list":{"0":"post-9521","1":"product","2":"type-product","3":"status-publish","4":"has-post-thumbnail","6":"product_cat-unkategorisiert","8":"first","9":"instock","10":"sale","11":"shipping-taxable","12":"purchasable","13":"product-type-simple"},"_links":{"self":[{"href":"https:\/\/hifi-achterholt.de\/en\/wp-json\/wp\/v2\/product\/9521","targetHints":{"allow":["GET"]}}],"collection":[{"href":"https:\/\/hifi-achterholt.de\/en\/wp-json\/wp\/v2\/product"}],"about":[{"href":"https:\/\/hifi-achterholt.de\/en\/wp-json\/wp\/v2\/types\/product"}],"wp:featuredmedia":[{"embeddable":true,"href":"https:\/\/hifi-achterholt.de\/en\/wp-json\/wp\/v2\/media\/9391"}],"wp:attachment":[{"href":"https:\/\/hifi-achterholt.de\/en\/wp-json\/wp\/v2\/media?parent=9521"}],"wp:term":[{"taxonomy":"product_brand","embeddable":true,"href":"https:\/\/hifi-achterholt.de\/en\/wp-json\/wp\/v2\/product_brand?post=9521"},{"taxonomy":"product_cat","embeddable":true,"href":"https:\/\/hifi-achterholt.de\/en\/wp-json\/wp\/v2\/product_cat?post=9521"},{"taxonomy":"product_tag","embeddable":true,"href":"https:\/\/hifi-achterholt.de\/en\/wp-json\/wp\/v2\/product_tag?post=9521"}],"curies":[{"name":"wp","href":"https:\/\/api.w.org\/{rel}","templated":true}]}}