{"id":9390,"date":"2026-03-19T18:59:45","date_gmt":"2026-03-19T17:59:45","guid":{"rendered":"https:\/\/hifi-achterholt.de\/?post_type=product&#038;p=9390"},"modified":"2026-03-20T18:38:22","modified_gmt":"2026-03-20T17:38:22","slug":"linn-klimax-dsm-schwarz-mit-organik-dac-utopik-netzteil-upgrade","status":"publish","type":"product","link":"https:\/\/hifi-achterholt.de\/en\/produkt\/linn-klimax-dsm-schwarz-mit-organik-dac-utopik-netzteil-upgrade\/","title":{"rendered":"LINN Klimax DSM schwarz mit Organik DAC &amp; Utopik Netzteil Upgrade"},"content":{"rendered":"\n<p>Netzwerkstreamer in der maximal m\u00f6glichen Ausbaustufe. Linns neueste Digital\/Analog und Netzteil Technologie wurde nachger\u00fcstet f\u00fcr bestm\u00f6glichen Klang. Der Klimax DSM wertet jede analoge Anlage deutlich auf und hebt die Musikalit\u00e4t auf ein neues Niveau.<\/p>\n\n\n\n<p>Der Neupreis bezieht sich auf den DSM mit Katalyst und Dynamik Netzteil. Die verbauten Upgrades haben einen Wert von 7700 EUR f\u00fcr Organik und 1600 EUR f\u00fcr Utopik.<\/p>\n\n\n\n<p>Das Ger\u00e4t ist in neuwertigem Zustand.<\/p>\n\n\n\n<p>Qualifizierte Aufstellung und Einrichtung in der Bremer Region inklusive. <br><\/p>\n","protected":false},"excerpt":{"rendered":"<p>Netzwerkstreamer in der maximal m\u00f6glichen Ausbaustufe. Linns neueste Digital\/Analog und Netzteil Technologie wurde nachger\u00fcstet f\u00fcr bestm\u00f6glichen Klang. Der Klimax DSM wertet jede analoge Anlage deutlich auf und hebt die Musikalit\u00e4t auf ein neues Niveau. Der Neupreis bezieht sich auf den DSM mit Katalyst und Dynamik Netzteil. Die verbauten Upgrades haben einen Wert von 7700 EUR [&hellip;]<\/p>\n","protected":false},"featured_media":9737,"template":"","meta":[],"product_brand":[],"product_cat":[],"product_tag":[],"class_list":{"0":"post-9390","1":"product","2":"type-product","3":"status-publish","4":"has-post-thumbnail","7":"first","8":"instock","9":"sale","10":"shipping-taxable","11":"purchasable","12":"product-type-simple"},"_links":{"self":[{"href":"https:\/\/hifi-achterholt.de\/en\/wp-json\/wp\/v2\/product\/9390","targetHints":{"allow":["GET"]}}],"collection":[{"href":"https:\/\/hifi-achterholt.de\/en\/wp-json\/wp\/v2\/product"}],"about":[{"href":"https:\/\/hifi-achterholt.de\/en\/wp-json\/wp\/v2\/types\/product"}],"wp:featuredmedia":[{"embeddable":true,"href":"https:\/\/hifi-achterholt.de\/en\/wp-json\/wp\/v2\/media\/9737"}],"wp:attachment":[{"href":"https:\/\/hifi-achterholt.de\/en\/wp-json\/wp\/v2\/media?parent=9390"}],"wp:term":[{"taxonomy":"product_brand","embeddable":true,"href":"https:\/\/hifi-achterholt.de\/en\/wp-json\/wp\/v2\/product_brand?post=9390"},{"taxonomy":"product_cat","embeddable":true,"href":"https:\/\/hifi-achterholt.de\/en\/wp-json\/wp\/v2\/product_cat?post=9390"},{"taxonomy":"product_tag","embeddable":true,"href":"https:\/\/hifi-achterholt.de\/en\/wp-json\/wp\/v2\/product_tag?post=9390"}],"curies":[{"name":"wp","href":"https:\/\/api.w.org\/{rel}","templated":true}]}}