{"id":9372,"date":"2024-01-08T14:57:05","date_gmt":"2024-01-08T13:57:05","guid":{"rendered":"https:\/\/hifi-achterholt.de\/?post_type=product&#038;p=9372"},"modified":"2024-01-08T15:15:31","modified_gmt":"2024-01-08T14:15:31","slug":"linn-akito-ii-b","status":"publish","type":"product","link":"https:\/\/hifi-achterholt.de\/en\/produkt\/linn-akito-ii-b\/","title":{"rendered":"LINN Akito II B"},"content":{"rendered":"\n<p>Pr\u00e4zisionslager, exakte statische Abtastung und pr\u00e4zise Federvorspannungseinstellung sch\u00fctzen Ihre gesch\u00e4tzten Vinyl-Aufnahmen und maximieren Ihren Musikgenuss.<\/p>\n","protected":false},"excerpt":{"rendered":"<p>Der Akito-Tonarm enth\u00e4lt Technologien, die f\u00fcr Linn&#8217;s klassenf\u00fchrenden Ekos SE entwickelt wurden, und wird mehr aus Ihrer Vinyl-Sammlung herausholen.<\/p>\n","protected":false},"featured_media":9373,"template":"","meta":[],"product_brand":[],"product_cat":[146],"product_tag":[],"class_list":{"0":"post-9372","1":"product","2":"type-product","3":"status-publish","4":"has-post-thumbnail","6":"product_cat-plattenspieler","8":"first","9":"instock","10":"sale","11":"shipping-taxable","12":"purchasable","13":"product-type-simple"},"_links":{"self":[{"href":"https:\/\/hifi-achterholt.de\/en\/wp-json\/wp\/v2\/product\/9372","targetHints":{"allow":["GET"]}}],"collection":[{"href":"https:\/\/hifi-achterholt.de\/en\/wp-json\/wp\/v2\/product"}],"about":[{"href":"https:\/\/hifi-achterholt.de\/en\/wp-json\/wp\/v2\/types\/product"}],"wp:featuredmedia":[{"embeddable":true,"href":"https:\/\/hifi-achterholt.de\/en\/wp-json\/wp\/v2\/media\/9373"}],"wp:attachment":[{"href":"https:\/\/hifi-achterholt.de\/en\/wp-json\/wp\/v2\/media?parent=9372"}],"wp:term":[{"taxonomy":"product_brand","embeddable":true,"href":"https:\/\/hifi-achterholt.de\/en\/wp-json\/wp\/v2\/product_brand?post=9372"},{"taxonomy":"product_cat","embeddable":true,"href":"https:\/\/hifi-achterholt.de\/en\/wp-json\/wp\/v2\/product_cat?post=9372"},{"taxonomy":"product_tag","embeddable":true,"href":"https:\/\/hifi-achterholt.de\/en\/wp-json\/wp\/v2\/product_tag?post=9372"}],"curies":[{"name":"wp","href":"https:\/\/api.w.org\/{rel}","templated":true}]}}