{"id":7197,"date":"2022-11-10T16:52:50","date_gmt":"2022-11-10T15:52:50","guid":{"rendered":"https:\/\/hifi-achterholt.de\/produkt\/linn-majik-6100-endverstaerker\/"},"modified":"2023-07-12T14:53:52","modified_gmt":"2023-07-12T12:53:52","slug":"linn-majik-6100-endverstaerker","status":"publish","type":"product","link":"https:\/\/hifi-achterholt.de\/en\/produkt\/linn-majik-6100-endverstaerker\/","title":{"rendered":"LINN Majik 6100 Power amplifier"},"content":{"rendered":"<ul>\n<li>6-Kanal Endverst\u00e4rker<\/li>\n<li>Ausgangsleistung\u00a0 100 W an 4 Ohm \/ Kanal<\/li>\n<li>Eingangsanschl\u00fcsse Cinch<\/li>\n<li><span class=\"paFontSizeSM paBold\">Analoge Eing\u00e4nge:<\/span> 6x Cinch \/ <span class=\"paFontSizeSM paBold\">Analoge Ausg\u00e4nge:<\/span> 6x Cinch<\/li>\n<li>Geh\u00e4useausf\u00fchrung Schwarz<\/li>\n<li>Dynamik Netzteil<\/li>\n<\/ul>\n","protected":false},"excerpt":{"rendered":"<p>6-Kanal Endverst\u00e4rker Ausgangsleistung\u00a0 100 W an 4 Ohm \/ Kanal Eingangsanschl\u00fcsse Cinch Analoge Eing\u00e4nge: 6x Cinch \/ Analoge Ausg\u00e4nge: 6x Cinch Geh\u00e4useausf\u00fchrung Schwarz Dynamik Netzteil<\/p>\n","protected":false},"featured_media":7173,"template":"","meta":[],"product_brand":[],"product_cat":[110],"product_tag":[],"class_list":{"0":"post-7197","1":"product","2":"type-product","3":"status-publish","4":"has-post-thumbnail","6":"product_cat-power-amplifier","8":"first","9":"instock","10":"sale","11":"shipping-taxable","12":"purchasable","13":"product-type-simple"},"_links":{"self":[{"href":"https:\/\/hifi-achterholt.de\/en\/wp-json\/wp\/v2\/product\/7197","targetHints":{"allow":["GET"]}}],"collection":[{"href":"https:\/\/hifi-achterholt.de\/en\/wp-json\/wp\/v2\/product"}],"about":[{"href":"https:\/\/hifi-achterholt.de\/en\/wp-json\/wp\/v2\/types\/product"}],"wp:featuredmedia":[{"embeddable":true,"href":"https:\/\/hifi-achterholt.de\/en\/wp-json\/wp\/v2\/media\/7173"}],"wp:attachment":[{"href":"https:\/\/hifi-achterholt.de\/en\/wp-json\/wp\/v2\/media?parent=7197"}],"wp:term":[{"taxonomy":"product_brand","embeddable":true,"href":"https:\/\/hifi-achterholt.de\/en\/wp-json\/wp\/v2\/product_brand?post=7197"},{"taxonomy":"product_cat","embeddable":true,"href":"https:\/\/hifi-achterholt.de\/en\/wp-json\/wp\/v2\/product_cat?post=7197"},{"taxonomy":"product_tag","embeddable":true,"href":"https:\/\/hifi-achterholt.de\/en\/wp-json\/wp\/v2\/product_tag?post=7197"}],"curies":[{"name":"wp","href":"https:\/\/api.w.org\/{rel}","templated":true}]}}