{"id":1976,"date":"2020-05-30T00:20:34","date_gmt":"2020-05-29T22:20:34","guid":{"rendered":"https:\/\/hifi-achterholt.de\/legal-information\/"},"modified":"2021-06-02T13:06:52","modified_gmt":"2021-06-02T11:06:52","slug":"legal-information","status":"publish","type":"page","link":"https:\/\/hifi-achterholt.de\/en\/legal-information\/","title":{"rendered":"Legal information"},"content":{"rendered":"<br\/><!-- Beginn des H\u00e4ndlerbund HTML-Code --><!-- Der HTML-Code darf im Sinne der einwandfreien Funktionalit\u00e4t nicht ver\u00e4ndert werden! --><a href=\"https:\/\/www.haendlerbund.de\/mitglied\/show.php?uuid=0907fd09-ba36-11eb-a4fa-9c5c8e4fb375-2161879308\" target=\"_blank\" rel=\"noopener\">\r\n<img decoding=\"async\" src=\"https:\/\/www.haendlerbund.de\/mitglied\/logo.php?uuid=0907fd09-ba36-11eb-a4fa-9c5c8e4fb375-2161879308&#038;size=150&#038;variant=2\" title=\"H\u00e4ndlerbund Mitglied\" alt=\"Mitglied im H\u00e4ndlerbund\" hspace=\"5\" vspace=\"5\" border=\"0\"\/><\/a>\r\n<!-- Ende des H\u00e4ndlerbund HTML-Code -->\r\n<hr\/><h1>IMPRINT<\/h1>\r\n\n<p><strong>Gesetzliche Anbieterkennung:<\/strong><br\/>J\u00fcrgen Achterholt<br\/>Hifi-Studio Achterholt<br\/>Altenweg 5<br\/>28195 Bremen<br\/>Deutschland<br\/>Telefon: +49 (0)421 12848<br\/>E-Mail:\u00a0mail@hifi-achterholt.de<br\/>USt-IdNr.: DE114385144<br\/>Gerichtsstand: Amtsgericht Bremen<\/p>\n\n<p><strong>Inhaltlich Verantwortlicher gem\u00e4\u00df \u00a7 18 Abs. 2 MStV:<\/strong><br\/>J\u00fcrgen Achterholt<br\/>Altenweg 5<br\/>28195 Bremen<br\/>Deutschland<\/p>\n\n<p><strong>Wir sind seit\u00a0<\/strong><strong>23.05.2021\u00a0<\/strong><strong>Mitglied der Initiative \u201cFairCommerce\u201d.<\/strong>&#13;\nN\u00e4here Informationen hierzu finden Sie unter\u00a0<a href=\"https:\/\/www.fair-commerce.de\/\" target=\"_blank\" rel=\"noreferrer noopener\">www.fair-commerce.de<\/a>.<\/p>\n<hr\/><h1>PRIVACY POLICY<\/h1>\r\nSoweit nachstehend keine anderen Angaben gemacht werden, ist die Bereitstellung Ihrer personenbezogenen Daten weder gesetzlich oder vertraglich vorgeschrieben, noch f\u00fcr einen Vertragsabschluss erforderlich. Sie sind zur Bereitstellung der Daten nicht verpflichtet. Eine Nichtbereitstellung hat keine Folgen. Dies gilt nur soweit bei den nachfolgenden Verarbeitungsvorg\u00e4ngen keine anderweitige Angabe gemacht wird.\r\n&#8220;Personenbezogene Daten&#8221; sind alle Informationen, die sich auf eine identifizierte oder identifizierbare nat\u00fcrliche Person beziehen.\r\n<br\/><br\/><strong>Server-Logfiles<\/strong><br\/>\r\nSie k\u00f6nnen unsere Webseiten besuchen, ohne Angaben zu Ihrer Person zu machen.<br\/> \r\nBei jedem Zugriff auf unsere Website werden an uns oder unseren Webhoster \/ IT-Dienstleister Nutzungsdaten durch Ihren Internet Browser \u00fcbermittelt und in Protokolldaten (sog. Server-Logfiles) gespeichert. Zu diesen gespeicherten Daten geh\u00f6ren z.B. der Name der aufgerufenen Seite, Datum und Uhrzeit des Abrufs, die IP-Adresse, die \u00fcbertragene Datenmenge und der anfragende Provider. Die Verarbeitung erfolgt auf Grundlage des Art. 6 Abs. 1 lit. f DSGVO aus unserem \u00fcberwiegenden berechtigten Interesse an der Gew\u00e4hrleistung eines st\u00f6rungsfreien Betriebs unserer Website sowie zur Verbesserung unseres Angebotes. \r\n<br\/><br\/><h3>KONTAKT<\/h3>\r\n<strong>Verantwortlicher<\/strong>\r\nKontaktieren Sie uns auf Wunsch. Die Kontaktdaten des f\u00fcr die Datenverarbeitung Verantwortlichen finden Sie in unserem Impressum.\r\n<br\/><br\/><strong>Initiativ-Kontaktaufnahme des Kunden per E-Mail<\/strong><br\/>\r\nWenn Sie per E-Mail initiativ mit uns in Gesch\u00e4ftskontakt treten, erheben wir Ihre personenbezogenen Daten (Name, E-Mail-Adresse, Nachrichtentext) nur in dem von Ihnen zur Verf\u00fcgung gestellten Umfang. Die Datenverarbeitung dient der Bearbeitung und Beantwortung Ihrer Kontaktanfrage.\r\nWenn die Kontaktaufnahme der Durchf\u00fchrung vorvertraglichen Ma\u00dfnahmen (bspw. Beratung bei Kaufinteresse, Angebotserstellung) dient oder einen bereits zwischen Ihnen und uns geschlossenen Vertrag betrifft, erfolgt diese Datenverarbeitung auf Grundlage des Art. 6 Abs. 1 lit. b DSGVO.\r\nErfolgt die Kontaktaufnahme aus anderen Gr\u00fcnden erfolgt diese Datenverarbeitung auf Grundlage des Art. 6 Abs. 1 lit. f DSGVO aus unserem \u00fcberwiegenden berechtigten Interesse an der Bearbeitung und Beantwortung Ihrer Anfrage. <strong><i>In diesem Fall haben Sie das Recht, aus Gr\u00fcnden, die sich aus Ihrer besonderen Situation ergeben, jederzeit dieser auf Art. 6 Abs. 1 lit. f DSGVO beruhenden Verarbeitungen Sie betreffender personenbezogener Daten zu widersprechen.<\/i><\/strong><br\/>\r\nIhre E-Mail-Adresse nutzen wir nur zur Bearbeitung Ihrer Anfrage. Ihre Daten werden anschlie\u00dfend unter Beachtung gesetzlicher Aufbewahrungsfristen gel\u00f6scht, sofern Sie der weitergehenden Verarbeitung und Nutzung nicht zugestimmt haben.\r\n<br\/><br\/><h3>WERBUNG<\/h3>      \r\n<strong>Verwendung Ihrer personenbezogenen Daten f\u00fcr die Zusendung postalischer Werbung<\/strong><br\/><br\/>\r\nWir nutzen Ihre personenbezogenen Daten (Name, Anschrift), die wir im Rahmen des Verkaufs einer Ware oder Dienstleistung erhalten haben, um Ihnen postalische Werbung zuzusenden, sofern Sie dieser Verwendung nicht widersprochen haben. Die Bereitstellung dieser Daten ist f\u00fcr den Vertragsschluss erforderlich. Eine Nichtbereitstellung hat zur Folge, dass kein Vertrag geschlossen werden kann.\r\nDie Verarbeitung erfolgt auf Grundlage des Art. 6 Abs. 1 lit. f DSGVO aus unserem \u00fcberwiegenden berechtigten Interesse an Direktwerbung. <strong><i>Sie k\u00f6nnen dieser Verwendung Ihrer Adressdaten jederzeit durch Mitteilung an uns widersprechen.<\/i><\/strong> Die Kontaktdaten f\u00fcr die Aus\u00fcbung des Widerspruchs finden Sie im Impressum.\r\n<br\/><br\/><strong>Verwendung der E-Mail-Adresse f\u00fcr die Zusendung von Newslettern<\/strong><br\/>\r\nWir nutzen Ihre E-Mail-Adresse unabh\u00e4ngig von der Vertragsabwicklung ausschlie\u00dflich f\u00fcr eigene Werbezwecke zum Newsletterversand, sofern Sie dem ausdr\u00fccklich zugestimmt haben. Die Verarbeitung erfolgt auf Grundlage des Art. 6 Abs. 1 lit. a DSGVO mit Ihrer Einwilligung. Sie k\u00f6nnen die Einwilligung jederzeit widerrufen, ohne dass die Rechtm\u00e4\u00dfigkeit der aufgrund der Einwilligung bis zum Widerruf erfolgten Verarbeitung ber\u00fchrt wird. Sie k\u00f6nnen dazu den Newsletter jederzeit unter Nutzung des entsprechenden Links im Newsletter oder durch Mitteilung an uns abbestellen. Ihre E-Mail-Adresse wird danach aus dem Verteiler entfernt. \r\n<br\/><br\/><h3>COOKIES<\/h3>\r\nUnsere Website verwendet Cookies. Cookies sind kleine Textdateien, die im Internetbrowser bzw. vom Internetbrowser auf dem Computersystem eines Nutzers gespeichert werden. Ruft ein Nutzer eine Website auf, so kann ein Cookie auf dem Betriebssystem des Nutzers gespeichert werden. Dieser Cookie enth\u00e4lt eine charakteristische Zeichenfolge, die eine eindeutige Identifizierung des Browsers beim erneuten Aufrufen der Website erm\u00f6glicht.\r\n<br\/><br\/>\r\nCookies werden auf Ihrem Rechner gespeichert. Daher haben Sie die volle Kontrolle \u00fcber die Verwendung von Cookies. Durch die Auswahl entsprechender technischer Einstellungen in Ihrem Internetbrowser k\u00f6nnen Sie vor dem Setzen von Cookies benachrichtigt werden und \u00fcber die Annahme einzeln entscheiden sowie die Speicherung der Cookies und \u00dcbermittlung der enthaltenen Daten verhindern. Bereits gespeicherte Cookies k\u00f6nnen jederzeit gel\u00f6scht werden. Wir weisen Sie jedoch darauf hin, dass Sie dann gegebenenfalls nicht s\u00e4mtliche Funktionen dieser Website vollumf\u00e4nglich werden nutzen k\u00f6nnen.\r\n<br\/><br\/>\r\nUnter den nachstehenden Links k\u00f6nnen Sie sich informieren, wie Sie die Cookies bei den wichtigsten Browsern verwalten (u.a. auch deaktivieren) k\u00f6nnen:<br\/>\r\nChrome:<a href=\"https:\/\/support.google.com\/accounts\/answer\/61416?hl=de\" target=\"_blank\" rel=\"noopener\">https:\/\/support.google.com\/accounts\/answer\/61416?hl=de<\/a><br\/>\r\nInternet Explorer: <a href=\"https:\/\/support.microsoft.com\/de-de\/help\/17442\/windows-internet-explorer-delete-manage-cookies\" target=\"_blank\" rel=\"noopener\">https:\/\/support.microsoft.com\/de-de\/help\/17442\/windows-internet-explorer-delete-manage-cookies<\/a><br\/>\r\nMozilla Firefox: <a href=\"https:\/\/support.mozilla.org\/de\/kb\/cookies-erlauben-und-ablehnen\" target=\"_blank\" rel=\"noopener\">https:\/\/support.mozilla.org\/de\/kb\/cookies-erlauben-und-ablehnen<\/a><br\/>\r\nSafari: <a href=\"https:\/\/support.apple.com\/de-de\/guide\/safari\/manage-cookies-and-website-data-sfri11471\/mac\" target=\"_blank\" rel=\"noopener\">https:\/\/support.apple.com\/de-de\/guide\/safari\/manage-cookies-and-website-data-sfri11471\/mac<\/a>\r\n<br\/><br\/><strong>Technisch notwendige Cookies<\/strong><br\/>\r\nSoweit nachstehend in der Datenschutzerkl\u00e4rung keine anderen Angaben gemacht werden setzen wir nur diese technisch notwendigen Cookies zu dem Zweck ein, unser Angebot nutzerfreundlicher, effektiver und sicherer zu machen. Des Weiteren erm\u00f6glichen Cookies unseren Systemen, Ihren Browser auch nach einem Seitenwechsel zu erkennen und Ihnen Services anzubieten. Einige Funktionen unserer Internetseite k\u00f6nnen ohne den Einsatz von Cookies nicht angeboten werden. F\u00fcr diese ist es erforderlich, dass der Browser auch nach einem Seitenwechsel wiedererkannt wird.\r\n<br\/><br\/> \r\nDie Nutzung von Cookies oder vergleichbarer Technologien erfolgt auf Grundlage des \u00a7 15 Abs. 3 S. 1 TMG. Die Verarbeitung Ihrer personenbezogenen Daten erfolgt auf Grundlage des Art. 6 Abs. 1 lit. f DSGVO aus unserem \u00fcberwiegenden berechtigten Interesse an der Gew\u00e4hrleistung der optimalen Funktionalit\u00e4t der Website sowie einer nutzerfreundlichen und effektiven Gestaltung unseres Angebots.\r\n<strong><i>Sie haben das Recht aus Gr\u00fcnden, die sich aus Ihrer besonderen Situation ergeben, jederzeit dieser Verarbeitungen Sie betreffender personenbezogener Daten zu widersprechen.<\/i><\/strong>\r\n<br\/><br\/><strong>Verwendung des EU Cookie Law Plug-ins<\/strong><br\/>\r\nWir verwenden auf unserer Website die Open-Source-Software EU Cookie Law Plug-in.<br\/>\r\nDas Plug-in erm\u00f6glicht es Ihnen, Einwilligungen in Datenverarbeitungen \u00fcber die Website, insbesondere das Setzen von Cookies, zu erteilen sowie von Ihrem Widerrufsrecht f\u00fcr bereits erteilte Einwilligungen Gebrauch zu machen. Die Datenverarbeitung dient dem Zweck, erforderliche Einwilligungen in Datenverarbeitungen einzuholen sowie zu dokumentieren und damit gesetzliche Verpflichtungen einzuhalten. Hierzu k\u00f6nnen Cookies eingesetzt werden. Dabei k\u00f6nnen u. a. Informationen zu Ihrem Einwilligungstatus verarbeitet werden.<br\/>\r\nDie Datenverarbeitung erfolgt zur Erf\u00fcllung einer rechtlichen Verpflichtung auf Grundlage des Art. 6 Abs. 1 lit. c DSGVO.<br\/>\r\nN\u00e4here Informationen finden Sie unter: <a href=\"https:\/\/de.wordpress.org\/plugins\/eu-cookie-law\/\" target=\"_blank\" rel=\"noopener\">https:\/\/de.wordpress.org\/plugins\/eu-cookie-law\/<\/a>\r\n<br\/><br\/><h3>PLUG-INS UND SONSTIGES<\/h3>\r\n<strong>Verwendung von GoogleMaps<\/strong><br\/>\r\nWir verwenden auf unserer Website die Funktion zur Einbettung von GoogleMaps-Karten der Google LLC (1600 Amphitheatre Parkway, Mountain View, CA 94043, USA; \u201eGoogle\u201c).<br\/>\r\nSoweit Sie Ihren gew\u00f6hnlichen Aufenthalt im Europ\u00e4ischen Wirtschaftsraum oder der Schweiz haben, ist Google Ireland Limited (Gordon House, Barrow Street, Dublin 4, Irland) der f\u00fcr Ihre Daten zust\u00e4ndige Verantwortliche. Google Ireland Limited ist demnach das mit Google verbundene Unternehmen, welches f\u00fcr die Verarbeitung Ihrer Daten und die Einhaltung der anwendbaren Datenschutzgesetze verantwortlich ist.<br\/>\r\nDie Funktion erm\u00f6glicht die visuelle Darstellung von geographischen Informationen und interaktiven Landkarten. Dabei werden von Google bei Aufrufen der Seiten, in die GoogleMaps-Karten eingebunden sind, auch Daten der Besucher der Websites erhoben, verarbeitet und genutzt.<br\/>\r\nIhre Daten werden dabei gegebenenfalls auch in die USA \u00fcbermittelt. F\u00fcr die USA ist kein Angemessenheitsbeschluss der EU-Kommission vorhanden. Die Daten\u00fcbermittlung erfolgt u.a auf Grundlage von Standardvertragsklauseln als geeignete Garantien f\u00fcr den Schutz der personenbezogenen Daten, einsehbar unter: <a href=\"https:\/\/policies.google.com\/privacy\/frameworks\" target=\"_blank\" rel=\"noopener\">https:\/\/policies.google.com\/privacy\/frameworks<\/a>.<br\/>\r\nDie Nutzung von Cookies oder vergleichbarer Technologien erfolgt auf Grundlage des \u00a7 15 Abs. 3 S. 1 TMG. Die Verarbeitung Ihrer personenbezogenen Daten erfolgt auf Grundlage des Art. 6 Abs. 1 lit. f DSGVO aus unserem \u00fcberwiegenden berechtigten Interesse an der bedarfsgerechten und zielgerichteten Gestaltung der Website. <strong><i>Sie haben das Recht aus Gr\u00fcnden, die sich aus Ihrer besonderen Situation ergeben, jederzeit dieser Verarbeitungen Sie betreffender personenbezogener Daten zu widersprechen.<\/i><\/strong><br\/>\r\nN\u00e4here Informationen zur Erhebung und Nutzung der Daten durch Google finden Sie in den Datenschutzhinweisen von Google unter https:\/\/www.google.com\/privacypolicy.html. Dort haben Sie auch im Datenschutzcenter die M\u00f6glichkeit, Ihre Einstellungen zu ver\u00e4ndern, so dass Sie Ihre von Google verarbeiteten Daten verwalten und sch\u00fctzen k\u00f6nnen.\r\n<br\/><br\/><h3>BETROFFENENRECHTE UND SPEICHERDAUER<\/h3>\r\n<strong>Dauer der Speicherung<\/strong><br\/>\r\nDie Daten werden unter Ber\u00fccksichtigung gesetzlicher Aufbewahrungsfristen gespeichert und dann nach Fristablauf gel\u00f6scht, sofern Sie der weitergehenden Verarbeitung und Nutzung nicht zugestimmt haben.\r\n<br\/><br\/><strong>Rechte der betroffenen Person<\/strong><br\/>\r\nIhnen stehen bei Vorliegen der gesetzlichen Voraussetzungen folgende Rechte nach Art. 15 bis 20 DSGVO zu: Recht auf Auskunft, auf Berichtigung, auf L\u00f6schung, auf Einschr\u00e4nkung der Verarbeitung, auf Daten\u00fcbertragbarkeit.\r\nAu\u00dferdem steht Ihnen nach Art. 21 Abs. 1 DSGVO ein Widerspruchsrecht gegen die Verarbeitungen zu, die auf Art. 6 Abs. 1 f DSGVO beruhen, sowie gegen die Verarbeitung zum Zwecke von Direktwerbung.\r\n<br\/><br\/><strong>Beschwerderecht bei der Aufsichtsbeh\u00f6rde<\/strong><br\/>\r\nSie haben gem\u00e4\u00df Art. 77 DSGVO das Recht, sich bei der Aufsichtsbeh\u00f6rde zu beschweren, wenn Sie der Ansicht sind, dass die Verarbeitung Ihrer personenbezogenen Daten nicht rechtm\u00e4\u00dfig erfolgt.\r\n<br\/><br\/><strong>Widerspruchsrecht<\/strong><br\/>\r\nBeruhen die hier aufgef\u00fchrten personenbezogenen Datenverarbeitungen auf Grundlage unseres berechtigten Interesses nach Art. 6 Abs. 1 lit. f DSGVO, haben Sie das Recht aus Gr\u00fcnden, die sich aus Ihrer besonderen Situation ergeben, jederzeit diesen Verarbeitungen mit Wirkung f\u00fcr die Zukunft zu widersprechen.<br\/>\r\nNach erfolgtem Widerspruch wird die Verarbeitung der betroffenen Daten beendet, es sei denn, wir k\u00f6nnen zwingende schutzw\u00fcrdige Gr\u00fcnde f\u00fcr die Verarbeitung nachweisen, die Ihren Interessen, Rechten und Freiheiten \u00fcberwiegen, oder wenn die Verarbeitung der Geltendmachung, Aus\u00fcbung oder Verteidigung von Rechtsanspr\u00fcchen dient.\r\n<br\/><br\/>\r\nErfolgt die personenbezogene Datenverarbeitung zu Zwecken der Direktwerbung, k\u00f6nnen Sie dieser Verarbeitung jederzeit durch Mitteilung an uns widersprechen. Nach erfolgtem Widerspruch beenden wir die Verarbeitung der betroffenen Daten zum Zwecke der Direktwerbung.\r\n\r\n","protected":false},"excerpt":{"rendered":"<p>IMPRINT Gesetzliche Anbieterkennung:J\u00fcrgen AchterholtHifi-Studio AchterholtAltenweg 528195 BremenDeutschlandTelefon: +49 (0)421 12848E-Mail:\u00a0mail@hifi-achterholt.deUSt-IdNr.: DE114385144Gerichtsstand: Amtsgericht Bremen Inhaltlich Verantwortlicher gem\u00e4\u00df \u00a7 18 Abs. 2 MStV:J\u00fcrgen AchterholtAltenweg 528195 BremenDeutschland Wir sind seit\u00a023.05.2021\u00a0Mitglied der Initiative \u201cFairCommerce\u201d.&#13; N\u00e4here Informationen hierzu finden Sie unter\u00a0www.fair-commerce.de. PRIVACY POLICY Soweit nachstehend keine anderen Angaben gemacht werden, ist die Bereitstellung Ihrer personenbezogenen Daten weder gesetzlich oder vertraglich [&hellip;]<\/p>\n","protected":false},"author":3,"featured_media":0,"parent":0,"menu_order":30,"comment_status":"closed","ping_status":"closed","template":"page-templates\/full-width.php","meta":{"footnotes":""},"class_list":["post-1976","page","type-page","status-publish","hentry"],"featured_image_src":null,"_links":{"self":[{"href":"https:\/\/hifi-achterholt.de\/en\/wp-json\/wp\/v2\/pages\/1976","targetHints":{"allow":["GET"]}}],"collection":[{"href":"https:\/\/hifi-achterholt.de\/en\/wp-json\/wp\/v2\/pages"}],"about":[{"href":"https:\/\/hifi-achterholt.de\/en\/wp-json\/wp\/v2\/types\/page"}],"author":[{"embeddable":true,"href":"https:\/\/hifi-achterholt.de\/en\/wp-json\/wp\/v2\/users\/3"}],"replies":[{"embeddable":true,"href":"https:\/\/hifi-achterholt.de\/en\/wp-json\/wp\/v2\/comments?post=1976"}],"version-history":[{"count":0,"href":"https:\/\/hifi-achterholt.de\/en\/wp-json\/wp\/v2\/pages\/1976\/revisions"}],"wp:attachment":[{"href":"https:\/\/hifi-achterholt.de\/en\/wp-json\/wp\/v2\/media?parent=1976"}],"curies":[{"name":"wp","href":"https:\/\/api.w.org\/{rel}","templated":true}]}}