{"id":9584,"date":"2026-03-19T19:32:30","date_gmt":"2026-03-19T18:32:30","guid":{"rendered":"https:\/\/hifi-achterholt.de\/?post_type=product&#038;p=9584"},"modified":"2026-03-20T18:29:30","modified_gmt":"2026-03-20T17:29:30","slug":"linn-akudorik-exakt-mit-katalyst","status":"publish","type":"product","link":"https:\/\/hifi-achterholt.de\/de\/produkt\/linn-akudorik-exakt-mit-katalyst\/","title":{"rendered":"LINN Akudorik Exakt mit Katalyst in Kirsche"},"content":{"rendered":"\n<p>Die Linn Akudorik ist ein Kompaktlautsprecher, bei der die komplette Exakt- und Aktivtechnologie in dem schlanken St\u00e4nder verbaut ist. Zum Betrieb ist lediglich noch ein Linn Exakt Hub n\u00f6tig. Die Lautsprecher verf\u00fcgen bereits \u00fcber den verbesserten Katalyst DAC und spielen dadurch auf einem deutlich h\u00f6heren Level als die urspr\u00fcngliche Version.<\/p>\n\n\n\n<p>Die Akudorik ist top gepflegt, ohne jegliche Gebrauchsspuren und stammt aus einem Nichtraucherhaushalt.<br><\/p>\n\n\n\n<p>Der fachm\u00e4nnische Aufbau und die optimale Aufstellung im Wohnraum geh\u00f6ren selbstverst\u00e4ndlich zu unserem Service.<br><\/p>\n","protected":false},"excerpt":{"rendered":"<p>Die Linn Akudorik ist ein Kompaktlautsprecher, bei der die komplette Exakt- und Aktivtechnologie in dem schlanken St\u00e4nder verbaut ist. Zum Betrieb ist lediglich noch ein Linn Exakt Hub n\u00f6tig. Die Lautsprecher verf\u00fcgen bereits \u00fcber den verbesserten Katalyst DAC und spielen dadurch auf einem deutlich h\u00f6heren Level als die urspr\u00fcngliche Version. Die Akudorik ist top gepflegt, [&hellip;]<\/p>\n","protected":false},"featured_media":9744,"template":"","meta":[],"product_brand":[],"product_cat":[108],"product_tag":[],"class_list":{"0":"post-9584","1":"product","2":"type-product","3":"status-publish","4":"has-post-thumbnail","6":"product_cat-lautsprecher","8":"first","9":"instock","10":"sale","11":"shipping-taxable","12":"purchasable","13":"product-type-simple"},"_links":{"self":[{"href":"https:\/\/hifi-achterholt.de\/de\/wp-json\/wp\/v2\/product\/9584","targetHints":{"allow":["GET"]}}],"collection":[{"href":"https:\/\/hifi-achterholt.de\/de\/wp-json\/wp\/v2\/product"}],"about":[{"href":"https:\/\/hifi-achterholt.de\/de\/wp-json\/wp\/v2\/types\/product"}],"wp:featuredmedia":[{"embeddable":true,"href":"https:\/\/hifi-achterholt.de\/de\/wp-json\/wp\/v2\/media\/9744"}],"wp:attachment":[{"href":"https:\/\/hifi-achterholt.de\/de\/wp-json\/wp\/v2\/media?parent=9584"}],"wp:term":[{"taxonomy":"product_brand","embeddable":true,"href":"https:\/\/hifi-achterholt.de\/de\/wp-json\/wp\/v2\/product_brand?post=9584"},{"taxonomy":"product_cat","embeddable":true,"href":"https:\/\/hifi-achterholt.de\/de\/wp-json\/wp\/v2\/product_cat?post=9584"},{"taxonomy":"product_tag","embeddable":true,"href":"https:\/\/hifi-achterholt.de\/de\/wp-json\/wp\/v2\/product_tag?post=9584"}],"curies":[{"name":"wp","href":"https:\/\/api.w.org\/{rel}","templated":true}]}}