{"id":9181,"date":"2026-03-24T19:21:05","date_gmt":"2026-03-24T18:21:05","guid":{"rendered":"https:\/\/hifi-achterholt.de\/?post_type=product&#038;p=9181"},"modified":"2026-03-24T19:23:35","modified_gmt":"2026-03-24T18:23:35","slug":"linn-majik-isobarik-lautsprecher-paar","status":"publish","type":"product","link":"https:\/\/hifi-achterholt.de\/de\/produkt\/linn-majik-isobarik-lautsprecher-paar\/","title":{"rendered":"LINN Klimax 350 Exakt Lautsprecher mit Organik DAC"},"content":{"rendered":"\n<ul class=\"wp-block-list\">\n<li>Vollst\u00e4ndig integrierter 6-Wege-Aktivlautsprecher<br>Chakra Power Amps<br>Dynamik Stromversorgung<br>Resonanzarmes, druckgeformtes Geh\u00e4use<br>Patentiertes 3k-Treiber-Array<br>Servogesteuertes Basssystem<br><\/li>\n<\/ul>\n\n\n\n<p><\/p>\n","protected":false},"excerpt":{"rendered":"<p>Linns ehemaliger Toplautsprecher zeichnet sich durch eine extrem authentische und lebensechte Darstellung des musikalischen Geschehens aus. Kombiniert mit einem DSM-Hub erwirbt man ein sehr aufger\u00e4umtes System, das sich trotz seiner Gr\u00f6\u00dfe harmonisch in den Wohnraum integriert.<br \/>\nDie Lautsprecher sind top gepflegt und praktisch neuwertig.<br \/>\nTechnisch entsprechen sie dem letzten Stand.<\/p>\n","protected":false},"featured_media":9784,"template":"","meta":[],"product_brand":[],"product_cat":[108],"product_tag":[],"class_list":{"0":"post-9181","1":"product","2":"type-product","3":"status-publish","4":"has-post-thumbnail","6":"product_cat-lautsprecher","8":"first","9":"instock","10":"sale","11":"sold-individually","12":"shipping-taxable","13":"purchasable","14":"product-type-simple"},"_links":{"self":[{"href":"https:\/\/hifi-achterholt.de\/de\/wp-json\/wp\/v2\/product\/9181","targetHints":{"allow":["GET"]}}],"collection":[{"href":"https:\/\/hifi-achterholt.de\/de\/wp-json\/wp\/v2\/product"}],"about":[{"href":"https:\/\/hifi-achterholt.de\/de\/wp-json\/wp\/v2\/types\/product"}],"wp:featuredmedia":[{"embeddable":true,"href":"https:\/\/hifi-achterholt.de\/de\/wp-json\/wp\/v2\/media\/9784"}],"wp:attachment":[{"href":"https:\/\/hifi-achterholt.de\/de\/wp-json\/wp\/v2\/media?parent=9181"}],"wp:term":[{"taxonomy":"product_brand","embeddable":true,"href":"https:\/\/hifi-achterholt.de\/de\/wp-json\/wp\/v2\/product_brand?post=9181"},{"taxonomy":"product_cat","embeddable":true,"href":"https:\/\/hifi-achterholt.de\/de\/wp-json\/wp\/v2\/product_cat?post=9181"},{"taxonomy":"product_tag","embeddable":true,"href":"https:\/\/hifi-achterholt.de\/de\/wp-json\/wp\/v2\/product_tag?post=9181"}],"curies":[{"name":"wp","href":"https:\/\/api.w.org\/{rel}","templated":true}]}}