{"id":9170,"date":"2026-04-23T18:19:59","date_gmt":"2026-04-23T16:19:59","guid":{"rendered":"https:\/\/hifi-achterholt.de\/?post_type=product&#038;p=9170"},"modified":"2026-04-23T18:20:01","modified_gmt":"2026-04-23T16:20:01","slug":"linn-majik-dsm-4","status":"publish","type":"product","link":"https:\/\/hifi-achterholt.de\/de\/produkt\/linn-majik-dsm-4\/","title":{"rendered":"LINN Majik DSM\/4"},"content":{"rendered":"\n<p>4 x HDMI input<\/p>\n\n\n\n<p>1 x HDMI output<\/p>\n\n\n\n<p>1 x Line input<\/p>\n\n\n\n<p>1 x Line output<\/p>\n\n\n\n<p>1 x Phono MM<\/p>\n\n\n\n<p>1 xUSB input<\/p>\n\n\n\n<p>1 x Toslink input<\/p>\n\n\n\n<p>1 xSPDIF in\/out<\/p>\n\n\n\n<p>1 x Ethernet<\/p>\n\n\n\n<p><\/p>\n","protected":false},"excerpt":{"rendered":"<p>Universeller Streamer\/Vollverst\u00e4rker mit Phono (MM) Eingang. Kompatibel zu den g\u00e4ngigen Streamingdiensten. Ideal f\u00fcr den Einstieg in die LINN Welt. Das Ger\u00e4t ist im top Zustand.<\/p>\n","protected":false},"featured_media":9840,"template":"","meta":[],"product_brand":[],"product_cat":[159],"product_tag":[],"class_list":{"0":"post-9170","1":"product","2":"type-product","3":"status-publish","4":"has-post-thumbnail","6":"product_cat-streamer-vollverstaerker","8":"first","9":"instock","10":"sale","11":"shipping-taxable","12":"purchasable","13":"product-type-simple"},"_links":{"self":[{"href":"https:\/\/hifi-achterholt.de\/de\/wp-json\/wp\/v2\/product\/9170","targetHints":{"allow":["GET"]}}],"collection":[{"href":"https:\/\/hifi-achterholt.de\/de\/wp-json\/wp\/v2\/product"}],"about":[{"href":"https:\/\/hifi-achterholt.de\/de\/wp-json\/wp\/v2\/types\/product"}],"wp:featuredmedia":[{"embeddable":true,"href":"https:\/\/hifi-achterholt.de\/de\/wp-json\/wp\/v2\/media\/9840"}],"wp:attachment":[{"href":"https:\/\/hifi-achterholt.de\/de\/wp-json\/wp\/v2\/media?parent=9170"}],"wp:term":[{"taxonomy":"product_brand","embeddable":true,"href":"https:\/\/hifi-achterholt.de\/de\/wp-json\/wp\/v2\/product_brand?post=9170"},{"taxonomy":"product_cat","embeddable":true,"href":"https:\/\/hifi-achterholt.de\/de\/wp-json\/wp\/v2\/product_cat?post=9170"},{"taxonomy":"product_tag","embeddable":true,"href":"https:\/\/hifi-achterholt.de\/de\/wp-json\/wp\/v2\/product_tag?post=9170"}],"curies":[{"name":"wp","href":"https:\/\/api.w.org\/{rel}","templated":true}]}}