{"id":7124,"date":"2022-11-09T18:08:10","date_gmt":"2022-11-09T17:08:10","guid":{"rendered":"https:\/\/hifi-achterholt.de\/?post_type=product&#038;p=7124"},"modified":"2026-03-20T18:40:18","modified_gmt":"2026-03-20T17:40:18","slug":"akurate-exakt-dsm-hub-schwarz","status":"publish","type":"product","link":"https:\/\/hifi-achterholt.de\/de\/produkt\/akurate-exakt-dsm-hub-schwarz\/","title":{"rendered":"LINN Akurate Exakt (Hub) Streamer"},"content":{"rendered":"<ul>\n<li>Vorverst\u00e4rker und Netzwerkspieler (Streamer) der Spitzenklasse<\/li>\n<li><span class=\"paFontSizeSM paBold\">Streaming: A<\/span>irPlay,&nbsp;&nbsp;DLNA,&nbsp;&nbsp;Internetradio,&nbsp;&nbsp;Roon,&nbsp;&nbsp;SongCast,&nbsp;&nbsp;Spotify,&nbsp;&nbsp;Tidal,&nbsp;&nbsp;Qobuz,&nbsp;&nbsp;UPnP<\/li>\n<li><span class=\"paFontSizeSM paBold\">Analoge Eing\u00e4nge:<\/span> 1x Cinch,&nbsp;&nbsp;1x Cinch (Line In \/ Phono),&nbsp;&nbsp;1x XLR \/ <span class=\"paFontSizeSM paBold\">Digitale Eing\u00e4nge:<\/span>&nbsp;3x Koaxial,&nbsp;&nbsp;3x Optisch<\/li>\n<li><span class=\"paFontSizeSM paBold\">Digitale Ausg\u00e4nge:<\/span>&nbsp;1x Koaxial,&nbsp;&nbsp;1x Optisch,&nbsp;&nbsp;4x Exakt Link<\/li>\n<li><span class=\"paFontSizeSM paBold\">Unterst\u00fctzte Formate:<\/span> AAC,&nbsp;&nbsp;AIFF,&nbsp;&nbsp;ALAC,&nbsp;&nbsp;FLAC,&nbsp;&nbsp;MP3,&nbsp;&nbsp;OGG,&nbsp;&nbsp;WAV,&nbsp;&nbsp;WMA \/ <span class=\"paFontSizeSM paBold\">Aufl\u00f6sung:<\/span>&nbsp;24Bit\/192kHz<\/li>\n<li>HDMI mit 4K UHD- \/ 3D-Unterst\u00fctzung, ARC, HDCP 2.2 und HDR<\/li>\n<li>Hochwertiger MM-\/MC-Phonovorverst\u00e4rker f\u00fcr Ihren Plattenspieler<\/li>\n<li>Space Optimisation zur klanglichen Anpassung und Optimierung an Ihren Wohnraum<\/li>\n<\/ul>\n<p><a href=\"https:\/\/docs.linn.co.uk\/wiki\/index.php\/Akurate_DSM_\/1_(2014_Variant)\" target=\"_blank\" rel=\"noopener\">Produktinformation (Linn)<\/a><\/p>\n\n\n<div data-wp-interactive=\"core\/file\" class=\"wp-block-file\"><object data-wp-bind--hidden=\"!state.hasPdfPreview\" hidden class=\"wp-block-file__embed\" data=\"https:\/\/hifi-achterholt.de\/wordpress\/wp-content\/uploads\/2022\/11\/Linn_Akurate_DSM_Quickstart.pdf\" type=\"application\/pdf\" style=\"width:100%;height:200px\" aria-label=\"Einbettung von Schnellstart Akurate DSM\/1 .\"><\/object><a id=\"wp-block-file--media-a59188aa-7049-415c-8980-bbc25d82c4aa\" href=\"https:\/\/hifi-achterholt.de\/wordpress\/wp-content\/uploads\/2022\/11\/Linn_Akurate_DSM_Quickstart.pdf\">Schnellstart Akurate DSM\/1 <\/a><a href=\"https:\/\/hifi-achterholt.de\/wordpress\/wp-content\/uploads\/2022\/11\/Linn_Akurate_DSM_Quickstart.pdf\" class=\"wp-block-file__button wp-element-button\" download aria-describedby=\"wp-block-file--media-a59188aa-7049-415c-8980-bbc25d82c4aa\">Herunterladen<\/a><\/div>\n","protected":false},"excerpt":{"rendered":"<p>Vorverst\u00e4rker und Netzwerkspieler (Streamer) der Spitzenklasse Streaming: AirPlay,&nbsp;&nbsp;DLNA,&nbsp;&nbsp;Internetradio,&nbsp;&nbsp;Roon,&nbsp;&nbsp;SongCast,&nbsp;&nbsp;Spotify,&nbsp;&nbsp;Tidal,&nbsp;&nbsp;Qobuz,&nbsp;&nbsp;UPnP Analoge Eing\u00e4nge: 1x Cinch,&nbsp;&nbsp;1x Cinch (Line In \/ Phono),&nbsp;&nbsp;1x XLR \/ Digitale Eing\u00e4nge:&nbsp;3x Koaxial,&nbsp;&nbsp;3x Optisch Digitale Ausg\u00e4nge:&nbsp;1x Koaxial,&nbsp;&nbsp;1x Optisch,&nbsp;&nbsp;4x Exakt Link Unterst\u00fctzte Formate: AAC,&nbsp;&nbsp;AIFF,&nbsp;&nbsp;ALAC,&nbsp;&nbsp;FLAC,&nbsp;&nbsp;MP3,&nbsp;&nbsp;OGG,&nbsp;&nbsp;WAV,&nbsp;&nbsp;WMA \/ Aufl\u00f6sung:&nbsp;24Bit\/192kHz HDMI mit 4K UHD- \/ 3D-Unterst\u00fctzung, ARC, HDCP 2.2 und HDR Hochwertiger MM-\/MC-Phonovorverst\u00e4rker f\u00fcr Ihren Plattenspieler Space Optimisation zur klanglichen Anpassung [&hellip;]<\/p>\n","protected":false},"featured_media":2303,"template":"","meta":[],"product_brand":[],"product_cat":[106],"product_tag":[],"class_list":{"0":"post-7124","1":"product","2":"type-product","3":"status-publish","4":"has-post-thumbnail","6":"product_cat-netzwerkspieler","8":"first","9":"instock","10":"sale","11":"sold-individually","12":"shipping-taxable","13":"purchasable","14":"product-type-simple"},"_links":{"self":[{"href":"https:\/\/hifi-achterholt.de\/de\/wp-json\/wp\/v2\/product\/7124","targetHints":{"allow":["GET"]}}],"collection":[{"href":"https:\/\/hifi-achterholt.de\/de\/wp-json\/wp\/v2\/product"}],"about":[{"href":"https:\/\/hifi-achterholt.de\/de\/wp-json\/wp\/v2\/types\/product"}],"wp:featuredmedia":[{"embeddable":true,"href":"https:\/\/hifi-achterholt.de\/de\/wp-json\/wp\/v2\/media\/2303"}],"wp:attachment":[{"href":"https:\/\/hifi-achterholt.de\/de\/wp-json\/wp\/v2\/media?parent=7124"}],"wp:term":[{"taxonomy":"product_brand","embeddable":true,"href":"https:\/\/hifi-achterholt.de\/de\/wp-json\/wp\/v2\/product_brand?post=7124"},{"taxonomy":"product_cat","embeddable":true,"href":"https:\/\/hifi-achterholt.de\/de\/wp-json\/wp\/v2\/product_cat?post=7124"},{"taxonomy":"product_tag","embeddable":true,"href":"https:\/\/hifi-achterholt.de\/de\/wp-json\/wp\/v2\/product_tag?post=7124"}],"curies":[{"name":"wp","href":"https:\/\/api.w.org\/{rel}","templated":true}]}}