{"id":5314,"date":"2021-07-04T19:28:56","date_gmt":"2021-07-04T17:28:56","guid":{"rendered":"https:\/\/hifi-achterholt.de\/newsletter\/"},"modified":"2021-07-12T21:44:33","modified_gmt":"2021-07-12T19:44:33","slug":"newsletter","status":"publish","type":"page","link":"https:\/\/hifi-achterholt.de\/de\/newsletter\/","title":{"rendered":"Newsletter"},"content":{"rendered":"<p><strong><code><p>Um Musikliebhabern einen noch besseren Service bieten zu k\u00f6nnen bieten wir Ihnen ab sofort die Teilnahme an unserem Newsletter an.<br \/>Unser Newsletter informiert Sie \u00fcber Updates\/Upgrades sowie Neuigkeiten zu ihren Musiksystem. Au\u00dferdem bekommen Sie Informationen \u00fcber zuk\u00fcnftige Veranstaltungen im HiFi-Studio Achterholt.<\/p>\r\n<hr \/>\r\n<p><div class=\"tnp tnp-subscription \">\n<form method=\"post\" action=\"https:\/\/hifi-achterholt.de\/wordpress\/wp-admin\/admin-ajax.php?action=tnp&amp;na=s\">\n<input type=\"hidden\" name=\"nlang\" value=\"de\">\n<div class=\"tnp-field tnp-field-firstname\"><label for=\"tnp-1\">Vorname oder ganzer Name<\/label>\n<input class=\"tnp-name\" type=\"text\" name=\"nn\" id=\"tnp-1\" value=\"\" placeholder=\"\" required><\/div>\n<div class=\"tnp-field tnp-field-email\"><label for=\"tnp-2\">Email<\/label>\n<input class=\"tnp-email\" type=\"email\" name=\"ne\" id=\"tnp-2\" value=\"\" placeholder=\"\" required><\/div>\n<div class=\"tnp-field tnp-lists\"><div class=\"tnp-field tnp-field-checkbox tnp-field-list\"><label for=\"nl4\"><input type=\"checkbox\" id=\"nl4\" name=\"nl[]\" value=\"1\"> Newsletter HiFi-Achterholt<\/label><\/div>\n<\/div><div class=\"tnp-field tnp-privacy-field\"><label><input type=\"checkbox\" name=\"ny\" required class=\"tnp-privacy\"> <a target=\"_blank\" href=\"https:\/\/hifi-achterholt.de\/de\/rechtliches\/\">Indem Du fortf\u00e4hrst, akzeptierst Du unsere Datenschutzerkl\u00e4rung.<\/a><\/label><\/div><div class=\"tnp-field tnp-field-button\" style=\"text-align: left\"><input class=\"tnp-submit\" type=\"submit\" value=\"Abonnieren\" style=\"\">\n<\/div>\n<\/form>\n<\/div>\n<\/p><\/code><\/strong><\/p>\n\n\n<p><\/p>\n","protected":false},"excerpt":{"rendered":"","protected":false},"author":24783,"featured_media":0,"parent":0,"menu_order":5,"comment_status":"closed","ping_status":"closed","template":"","meta":{"footnotes":""},"class_list":["post-5314","page","type-page","status-publish","hentry"],"featured_image_src":null,"_links":{"self":[{"href":"https:\/\/hifi-achterholt.de\/de\/wp-json\/wp\/v2\/pages\/5314","targetHints":{"allow":["GET"]}}],"collection":[{"href":"https:\/\/hifi-achterholt.de\/de\/wp-json\/wp\/v2\/pages"}],"about":[{"href":"https:\/\/hifi-achterholt.de\/de\/wp-json\/wp\/v2\/types\/page"}],"author":[{"embeddable":true,"href":"https:\/\/hifi-achterholt.de\/de\/wp-json\/wp\/v2\/users\/24783"}],"replies":[{"embeddable":true,"href":"https:\/\/hifi-achterholt.de\/de\/wp-json\/wp\/v2\/comments?post=5314"}],"version-history":[{"count":0,"href":"https:\/\/hifi-achterholt.de\/de\/wp-json\/wp\/v2\/pages\/5314\/revisions"}],"wp:attachment":[{"href":"https:\/\/hifi-achterholt.de\/de\/wp-json\/wp\/v2\/media?parent=5314"}],"curies":[{"name":"wp","href":"https:\/\/api.w.org\/{rel}","templated":true}]}}