{"id":4514,"date":"2021-05-30T17:23:58","date_gmt":"2021-05-30T15:23:58","guid":{"rendered":"https:\/\/hifi-achterholt.de\/?page_id=4514"},"modified":"2021-06-06T12:36:48","modified_gmt":"2021-06-06T10:36:48","slug":"service","status":"publish","type":"page","link":"https:\/\/hifi-achterholt.de\/de\/service\/","title":{"rendered":"Service"},"content":{"rendered":"\n<p>Da gute Musiksysteme abh\u00e4ngig sind von einer guten Aufstellung und Pflege ist ein guter Service bei uns schon immer Bestandteil unserer Firmenpolitik. Wir m\u00f6chten das Musikenthusiasten immer auf dem laufenden sind was <a href=\"https:\/\/hifi-achterholt.de\/de\/service\/aktuelles\/\"><strong>Verbesserungen<\/strong><\/a> und <a href=\"https:\/\/hifi-achterholt.de\/de\/innovationen\/\"><strong>Innovationen<\/strong><\/a> angeht. Gerne m\u00f6chten wir <a href=\"https:\/\/hifi-achterholt.de\/de\/service\/musik-tips\/\"><strong>Musik<\/strong><\/a> die uns und andere ber\u00fchrt, sowie klanglich und musikalisch etwas besonderes sind, mit ihnen teilen.<\/p>\n\n\n\n<hr class=\"wp-block-separator is-style-wide\"\/>\n\n\n\n<p>Eine perfekte Musikwiedergabe kann man nur erreichen wenn alle Komponenten richtig aufgestellt und eingestellt sind. In der Regel macht das ihr spezialisierter H\u00e4ndler bei ihnen vor Ort. F\u00fcr den Fall das das aus irgendwelchen Gr\u00fcnden nicht gew\u00e4hrleistet werden kann oder sie mit dem Klang ihrer Anlage nicht zufrieden sind, dienen unsere <a href=\"\"><strong>Tips und Tricks<\/strong><\/a>. Wir k\u00f6nnen ihnen hier nicht alle Tips geben da einiges nur vom Spezialisten gemacht werden kann um Besch\u00e4digungen zu vermeiden.<\/p>\n\n\n\n<div style=\"height:5px\" aria-hidden=\"true\" class=\"wp-block-spacer\"><\/div>\n\n\n\n<p>Es ist m\u00f6glich das unsere <a href=\"\"><strong>Tips &amp; Tricks<\/strong><\/a> erstmal den Klang verschlechtern das liegt in der Regel daran das Fehler sich unter Umst\u00e4nden kompensieren. Sollten sie mit einer Raumkorrektur arbeiten, wie Linn`s &#8222;Space Optimizing&#8220; auf die wir noch eingehen, sollten die hier beschriebenen Tips alle vor der Raumoptimierung gemacht werden. Also keine Angst das Endergebnis wird \u00fcberzeugend sein.<\/p>\n\n\n\n<div style=\"height:5px\" aria-hidden=\"true\" class=\"wp-block-spacer\"><\/div>\n\n\n\n<p><strong>Unsere Tips &amp; Tricks ersetzen in keinem Fall den Spezialisten.<\/strong><br>Gerne helfen wir ihnen entweder vor Ort, per Telefon oder per Fernwartung. F\u00fcr bei uns gekaufte Produkte ist dieser Service in der Regel kostenlos!<\/p>\n","protected":false},"excerpt":{"rendered":"<p>Da gute Musiksysteme abh\u00e4ngig sind von einer guten Aufstellung und Pflege ist ein guter Service bei uns schon immer Bestandteil unserer Firmenpolitik. Wir m\u00f6chten das Musikenthusiasten immer auf dem laufenden sind was Verbesserungen und Innovationen angeht. Gerne m\u00f6chten wir Musik die uns und andere ber\u00fchrt, sowie klanglich und musikalisch etwas besonderes sind, mit ihnen teilen. [&hellip;]<\/p>\n","protected":false},"author":3,"featured_media":0,"parent":0,"menu_order":6,"comment_status":"closed","ping_status":"closed","template":"page-templates\/full-width.php","meta":{"footnotes":""},"class_list":["post-4514","page","type-page","status-publish","hentry"],"featured_image_src":null,"_links":{"self":[{"href":"https:\/\/hifi-achterholt.de\/de\/wp-json\/wp\/v2\/pages\/4514","targetHints":{"allow":["GET"]}}],"collection":[{"href":"https:\/\/hifi-achterholt.de\/de\/wp-json\/wp\/v2\/pages"}],"about":[{"href":"https:\/\/hifi-achterholt.de\/de\/wp-json\/wp\/v2\/types\/page"}],"author":[{"embeddable":true,"href":"https:\/\/hifi-achterholt.de\/de\/wp-json\/wp\/v2\/users\/3"}],"replies":[{"embeddable":true,"href":"https:\/\/hifi-achterholt.de\/de\/wp-json\/wp\/v2\/comments?post=4514"}],"version-history":[{"count":1,"href":"https:\/\/hifi-achterholt.de\/de\/wp-json\/wp\/v2\/pages\/4514\/revisions"}],"predecessor-version":[{"id":6696,"href":"https:\/\/hifi-achterholt.de\/de\/wp-json\/wp\/v2\/pages\/4514\/revisions\/6696"}],"wp:attachment":[{"href":"https:\/\/hifi-achterholt.de\/de\/wp-json\/wp\/v2\/media?parent=4514"}],"curies":[{"name":"wp","href":"https:\/\/api.w.org\/{rel}","templated":true}]}}