{"id":29,"date":"2014-07-28T21:36:40","date_gmt":"2014-07-28T19:36:40","guid":{"rendered":"http:\/\/localhost\/wordpress\/?page_id=29"},"modified":"2024-08-23T17:32:49","modified_gmt":"2024-08-23T15:32:49","slug":"anfahrt","status":"publish","type":"page","link":"https:\/\/hifi-achterholt.de\/de\/anfahrt\/","title":{"rendered":"\u00dcber uns"},"content":{"rendered":"\n<p><strong>Musik<\/strong> ist das unmittelbarste Erlebnis menschlicher Kultur. Sie bereichert uns, vermittelt neue Einsichten und beeinflusst unsere Stimmung. Sie wirkt auf den H\u00f6rer in einer Weise, die weit \u00fcber den Moment hinausgeht.<\/p>\n\n\n\n<p>Je richtiger Musik wiedergegeben wird, desto besser kann sie ihre Wirkung entfalten. Als Fachh\u00e4ndler sehen wir uns in einer Schl\u00fcsselposition, um Ihnen diesen Zugang zur Musik zu erm\u00f6glichen.<\/p>\n\n\n<div class=\"wp-block-image\">\n<figure class=\"alignleft size-large\"><a href=\"https:\/\/hifi-achterholt.de\/wordpress\/wp-content\/uploads\/2014\/07\/DSC02779-3.jpg\" data-rel=\"lightbox-gallery-M6VLvdLM\" data-rl_title=\"\" data-rl_caption=\"\" title=\"\"><img decoding=\"async\" width=\"400\" height=\"277\" data-src=\"https:\/\/hifi-achterholt.de\/wordpress\/wp-content\/uploads\/2020\/06\/HiFi-Achterholt_Eingang.jpg\" alt=\"\" class=\"wp-image-2252 lazyload\" data-srcset=\"https:\/\/hifi-achterholt.de\/wordpress\/wp-content\/uploads\/2020\/06\/HiFi-Achterholt_Eingang.jpg 400w, https:\/\/hifi-achterholt.de\/wordpress\/wp-content\/uploads\/2020\/06\/HiFi-Achterholt_Eingang-300x208.jpg 300w\" data-sizes=\"(max-width: 400px) 100vw, 400px\" src=\"data:image\/svg+xml;base64,PHN2ZyB3aWR0aD0iMSIgaGVpZ2h0PSIxIiB4bWxucz0iaHR0cDovL3d3dy53My5vcmcvMjAwMC9zdmciPjwvc3ZnPg==\" style=\"--smush-placeholder-width: 400px; --smush-placeholder-aspect-ratio: 400\/277;\" \/><\/a><\/figure>\n<\/div>\n\n\n<p>Das <strong><em>HiFi-Studio Achterholt<\/em><\/strong> in Bremen gilt seit \u00fcber 37 Jahren als Spezialist f\u00fcr musikalische Wiedergabesysteme. Als einer der ersten deutschen Linn &#8211; H\u00e4ndler geh\u00f6ren wir zu einem der erfahrensten H\u00e4ndlern weltweit.  <\/p>\n\n\n\n<p>Seit ihrer Einf\u00fchrung in den deutschen Markt bieten wir vor allem Produkte der Firma Linn an. Dieser schottische Hersteller nimmt eine technologisch f\u00fchrende Rolle im Bereich hochqualitativer Musikwiedergabesysteme ein.<br>Linn setzt dabei&nbsp;\u2013 ganz gegen den Zeitgeist&nbsp;\u2013 auf den Fachh\u00e4ndler. Statt kurzlebigen Schn\u00e4ppchen bekommen Sie so einen nachhaltigen Zugang zum intensiven Erleben von Musik. Jedes System wird nach Ihren W\u00fcnschen und Bed\u00fcrfnissen zusammengestellt und <strong>ohne Mehrpreis<\/strong> vor Ort installiert.<\/p>\n\n\n\n<p>Die Systeme von Linn sind selbstverst\u00e4ndlich netzwerkf\u00e4hig und erlauben die Verbindung mit Streamingdiensten, die Integration von Video\/TV und den Aufbau eines pers\u00f6nlichen Musikarchivs in Studioqualit\u00e4t. Wir beraten Sie gern in Fragen der Netzwerktechnik und Datensicherung und \u00fcbernehmen die Installation.<\/p>\n\n\n\n<p>Wir sind in der Bremer Innenstadt f\u00fcr Sie leicht zu erreichen. Parkpl\u00e4tze finden Sie in ausreichender Zahl in den angrenzenden Nebenstra\u00dfen.<br>Unsere \u00d6ffnungszeiten sind: Mittwoch &#8211; Freitag ab 15:00 &#8211; 18:30 Uhr &amp; Samstag 11:00 &#8211; 14:00 Uhr (Montags &amp; Dienstag geschlossen)<\/p>\n\n\n\n<p><\/p><hr style=\"height:3px; margin:-10px 0px 0px 0px !important\"><p><\/p>\n\n\n\n<header class=\"entry-header\">\n<h1 class=\"entry-title\" id=\"anfahrt\">Anfahrt<\/h1><\/header>\n\n\n\n<figure><iframe data-src=\"https:\/\/www.google.com\/maps\/embed?pb=!1m18!1m12!1m3!1d599.1654415584869!2d8.800536404903152!3d53.080349026575426!2m3!1f0!2f0!3f0!3m2!1i1024!2i768!4f13.1!3m3!1m2!1s0x47b12816190bb807%3A0x8fc18dc76a3d7383!2sHifi-Studio+Achterholt!5e0!3m2!1sde!2sde!4v1407313335504\" width=\"600\" height=\"450\" src=\"data:image\/svg+xml;base64,PHN2ZyB3aWR0aD0iMSIgaGVpZ2h0PSIxIiB4bWxucz0iaHR0cDovL3d3dy53My5vcmcvMjAwMC9zdmciPjwvc3ZnPg==\" class=\"lazyload\" data-load-mode=\"1\"><\/iframe><\/figure>\n","protected":false},"excerpt":{"rendered":"<p>Musik ist das unmittelbarste Erlebnis menschlicher Kultur. Sie bereichert uns, vermittelt neue Einsichten und beeinflusst unsere Stimmung. Sie wirkt auf den H\u00f6rer in einer Weise, die weit \u00fcber den Moment hinausgeht. Je richtiger Musik wiedergegeben wird, desto besser kann sie ihre Wirkung entfalten. Als Fachh\u00e4ndler sehen wir uns in einer Schl\u00fcsselposition, um Ihnen diesen Zugang [&hellip;]<\/p>\n","protected":false},"author":3,"featured_media":0,"parent":0,"menu_order":29,"comment_status":"closed","ping_status":"closed","template":"page-templates\/full-width.php","meta":{"footnotes":""},"class_list":["post-29","page","type-page","status-publish","hentry"],"featured_image_src":null,"_links":{"self":[{"href":"https:\/\/hifi-achterholt.de\/de\/wp-json\/wp\/v2\/pages\/29","targetHints":{"allow":["GET"]}}],"collection":[{"href":"https:\/\/hifi-achterholt.de\/de\/wp-json\/wp\/v2\/pages"}],"about":[{"href":"https:\/\/hifi-achterholt.de\/de\/wp-json\/wp\/v2\/types\/page"}],"author":[{"embeddable":true,"href":"https:\/\/hifi-achterholt.de\/de\/wp-json\/wp\/v2\/users\/3"}],"replies":[{"embeddable":true,"href":"https:\/\/hifi-achterholt.de\/de\/wp-json\/wp\/v2\/comments?post=29"}],"version-history":[{"count":1,"href":"https:\/\/hifi-achterholt.de\/de\/wp-json\/wp\/v2\/pages\/29\/revisions"}],"predecessor-version":[{"id":9431,"href":"https:\/\/hifi-achterholt.de\/de\/wp-json\/wp\/v2\/pages\/29\/revisions\/9431"}],"wp:attachment":[{"href":"https:\/\/hifi-achterholt.de\/de\/wp-json\/wp\/v2\/media?parent=29"}],"curies":[{"name":"wp","href":"https:\/\/api.w.org\/{rel}","templated":true}]}}