{"id":1341,"date":"2020-05-27T21:21:01","date_gmt":"2020-05-27T19:21:01","guid":{"rendered":"https:\/\/hifi-achterholt.de\/?page_id=1341"},"modified":"2022-11-16T22:41:43","modified_gmt":"2022-11-16T21:41:43","slug":"innovationen","status":"publish","type":"page","link":"https:\/\/hifi-achterholt.de\/de\/innovationen\/","title":{"rendered":"Innovationen"},"content":{"rendered":"\n<h3 class=\"wp-block-heading\"><strong>Linn\u00b4s Erfolg ist das Resultat jahrzehntelanger Forschung und Innovation<\/strong><\/h3>\n\n\n\n<p>Entdecken Sie die Welt der Linn Technologie.<br>Unser Fortschritt ist Teil unseres Bestrebens, Ihnen das bestm\u00f6gliche Audioerlebnis zu bieten. Entdecken Sie mehr \u00fcber unsere bahnbrechenden und branchenf\u00fchrenden Technologien.<\/p>\n\n\n\n<h4 class=\"wp-block-heading\">Einfach besser<\/h4>\n\n\n\n<p>Kein HiFi-Hersteller hat die Szene so ver\u00e4ndert wie die Firma Linn. Es ist keineswegs \u00fcbertrieben zu sagen: Ivor Tiefenbrun von Linn war der Steve Jobs der HiFi-Szene. Der Leitgedanke von Linn ist das ein besseres Signal immer das H\u00f6rerlebnis signifikant verbessert. Einfach gesagt &#8222;M\u00fcll rein &#8211; M\u00fcll raus&#8220;.<\/p>\n\n\n\n<p>Alle Innovationen von Linn geh\u00f6ren heute zum Alltag in der HiFi-Szene. Leider werden sie h\u00e4ufig so modifiziert, da\u00df der urspr\u00fcngliche Sinn den Klang zu verbessern, dabei aus den Augen verloren geht. Auch hier gilt &#8222;Einfach (ist) besser&#8220;.<\/p>\n\n\n\n<div class=\"wp-block-columns is-layout-flex wp-container-core-columns-is-layout-9d6595d7 wp-block-columns-is-layout-flex\">\n<div class=\"wp-block-column is-layout-flow wp-block-column-is-layout-flow\" style=\"flex-basis:66.66%\">\n<figure class=\"wp-block-embed is-type-video is-provider-vimeo wp-block-embed-vimeo wp-embed-aspect-16-9 wp-has-aspect-ratio\"><div class=\"wp-block-embed__wrapper\">\n<iframe title=\"Linn-BrandFilm(HomepageCut).mov\" data-src=\"https:\/\/player.vimeo.com\/video\/529306623?dnt=1&amp;app_id=122963\" width=\"625\" height=\"352\" frameborder=\"0\" allow=\"autoplay; fullscreen; picture-in-picture; clipboard-write\" src=\"data:image\/svg+xml;base64,PHN2ZyB3aWR0aD0iMSIgaGVpZ2h0PSIxIiB4bWxucz0iaHR0cDovL3d3dy53My5vcmcvMjAwMC9zdmciPjwvc3ZnPg==\" class=\"lazyload\" data-load-mode=\"1\"><\/iframe>\n<\/div><\/figure>\n<\/div>\n\n\n\n<div class=\"wp-block-column is-layout-flow wp-block-column-is-layout-flow\" style=\"flex-basis:33.33%\">\n<h4 class=\"wp-block-heading\">Einfach besser<\/h4>\n\n\n\n<p>Kein HiFi-Hersteller hat die Szene so ver\u00e4ndert wie die Firma Linn. Es ist keineswegs \u00fcbertrieben zu sagen: Ivor Tiefenbrun von Linn war der Steve Jobs der HiFi-Szene. Der Leitgedanke von Linn ist das ein besseres Signal immer das H\u00f6rerlebnis signifikant verbessert. Einfach gesagt &#8222;M\u00fcll rein &#8211; M\u00fcll raus&#8220;.<\/p>\n\n\n\n<p>Alle Innovationen von Linn geh\u00f6ren heute zum Alltag in der HiFi-Szene. Leider werden sie h\u00e4ufig so modifiziert, da\u00df der urspr\u00fcngliche Sinn den Klang zu verbessern, dabei aus den Augen verloren geht. Auch hier gilt &#8222;Einfach (ist) besser&#8220;.<\/p>\n<\/div>\n<\/div>\n\n\n\n<div class=\"wp-block-columns is-layout-flex wp-container-core-columns-is-layout-9d6595d7 wp-block-columns-is-layout-flex\">\n<div class=\"wp-block-column Achterholt-blocks_grau has-background is-layout-flow wp-block-column-is-layout-flow\" style=\"background-color:#f5f5f5\">\n<figure class=\"wp-block-image size-full\"><a href=\"https:\/\/hifi-achterholt.de\/wordpress\/wp-content\/uploads\/2022\/11\/Organik_3Col-Module.jpg\" data-rel=\"lightbox-gallery-FrG80YGK\" data-rl_title=\"\" data-rl_caption=\"\" title=\"\"><img decoding=\"async\" width=\"652\" height=\"404\" data-src=\"https:\/\/hifi-achterholt.de\/wordpress\/wp-content\/uploads\/2022\/11\/Organik_3Col-Module.jpg\" alt=\"\" class=\"wp-image-8144 lazyload\" data-srcset=\"https:\/\/hifi-achterholt.de\/wordpress\/wp-content\/uploads\/2022\/11\/Organik_3Col-Module.jpg 652w, https:\/\/hifi-achterholt.de\/wordpress\/wp-content\/uploads\/2022\/11\/Organik_3Col-Module-400x248.jpg 400w, https:\/\/hifi-achterholt.de\/wordpress\/wp-content\/uploads\/2022\/11\/Organik_3Col-Module-300x186.jpg 300w, https:\/\/hifi-achterholt.de\/wordpress\/wp-content\/uploads\/2022\/11\/Organik_3Col-Module-624x387.jpg 624w\" data-sizes=\"(max-width: 652px) 100vw, 652px\" src=\"data:image\/svg+xml;base64,PHN2ZyB3aWR0aD0iMSIgaGVpZ2h0PSIxIiB4bWxucz0iaHR0cDovL3d3dy53My5vcmcvMjAwMC9zdmciPjwvc3ZnPg==\" style=\"--smush-placeholder-width: 652px; --smush-placeholder-aspect-ratio: 652\/404;\" \/><\/a><\/figure>\n\n\n\n<h3 class=\"wp-block-heading\">Organik<\/h3>\n\n\n\n<p>Unser eigens entwickelter Organik DAC ist das Herzst\u00fcck einer neuen Generation an Linn Ger\u00e4ten.<br>Wir sind Vorreiter f\u00fcr digitales High-End-Streaming in der HiFi-Branche; und dank dieses Paradigmenwechsels in der DAC-Technologie bauen wir diese Rolle weiter aus.<\/p>\n\n\n\n<div class=\"wp-block-buttons is-content-justification-center is-layout-flex wp-container-core-buttons-is-layout-16018d1d wp-block-buttons-is-layout-flex\">\n<div class=\"wp-block-button has-custom-width wp-block-button__width-50 is-style-outline is-style-outline--1\"><a class=\"wp-block-button__link wp-element-button\" href=\"https:\/\/hifi-achterholt.de\/de\/der-organik-dac\/\">Lies mehr &#8230;<\/a><\/div>\n<\/div>\n\n\n\n<div style=\"height:30px\" aria-hidden=\"true\" class=\"wp-block-spacer\"><\/div>\n<\/div>\n\n\n\n<div class=\"wp-block-column Achterholt-blocks_grau has-background is-layout-flow wp-block-column-is-layout-flow\" style=\"background-color:#f5f5f5\">\n<figure class=\"wp-block-image size-full\"><a href=\"https:\/\/hifi-achterholt.de\/wordpress\/wp-content\/uploads\/2022\/11\/Exakt_3Col-Module.jpg\" data-rel=\"lightbox-gallery-FrG80YGK\" data-rl_title=\"\" data-rl_caption=\"\" title=\"\"><img decoding=\"async\" width=\"652\" height=\"404\" data-src=\"https:\/\/hifi-achterholt.de\/wordpress\/wp-content\/uploads\/2022\/11\/Exakt_3Col-Module.jpg\" alt=\"\" class=\"wp-image-8146 lazyload\" data-srcset=\"https:\/\/hifi-achterholt.de\/wordpress\/wp-content\/uploads\/2022\/11\/Exakt_3Col-Module.jpg 652w, https:\/\/hifi-achterholt.de\/wordpress\/wp-content\/uploads\/2022\/11\/Exakt_3Col-Module-400x248.jpg 400w, https:\/\/hifi-achterholt.de\/wordpress\/wp-content\/uploads\/2022\/11\/Exakt_3Col-Module-300x186.jpg 300w, https:\/\/hifi-achterholt.de\/wordpress\/wp-content\/uploads\/2022\/11\/Exakt_3Col-Module-624x387.jpg 624w\" data-sizes=\"(max-width: 652px) 100vw, 652px\" src=\"data:image\/svg+xml;base64,PHN2ZyB3aWR0aD0iMSIgaGVpZ2h0PSIxIiB4bWxucz0iaHR0cDovL3d3dy53My5vcmcvMjAwMC9zdmciPjwvc3ZnPg==\" style=\"--smush-placeholder-width: 652px; --smush-placeholder-aspect-ratio: 652\/404;\" \/><\/a><\/figure>\n\n\n\n<h3 class=\"wp-block-heading\">Exakt<\/h3>\n\n\n\n<p>Unsere integrierte Exakt-Technologie garantiert eine zeitlich perfekte Wiedergabe jeder einzelnen Note.<\/p>\n\n\n\n<p>Genie\u00dfen Sie so den gleichen nat\u00fcrlichen Klang wie urspr\u00fcnglich vom K\u00fcnstler aufgenommen.<\/p>\n\n\n\n<div class=\"wp-block-buttons is-content-justification-center is-layout-flex wp-container-core-buttons-is-layout-16018d1d wp-block-buttons-is-layout-flex\">\n<div class=\"wp-block-button has-custom-width wp-block-button__width-50 is-style-outline is-style-outline--2\"><a class=\"wp-block-button__link wp-element-button\">Lies mehr &#8230;<\/a><\/div>\n<\/div>\n<\/div>\n\n\n\n<div class=\"wp-block-column Achterholt-blocks_grau has-background is-layout-flow wp-block-column-is-layout-flow\" style=\"background-color:#f5f5f5\">\n<figure class=\"wp-block-image size-full\"><a href=\"https:\/\/hifi-achterholt.de\/wordpress\/wp-content\/uploads\/2022\/11\/Space-Op_3Col-Module.jpg\" data-rel=\"lightbox-gallery-FrG80YGK\" data-rl_title=\"\" data-rl_caption=\"\" title=\"\"><img decoding=\"async\" width=\"652\" height=\"404\" data-src=\"https:\/\/hifi-achterholt.de\/wordpress\/wp-content\/uploads\/2022\/11\/Space-Op_3Col-Module.jpg\" alt=\"\" class=\"wp-image-8148 lazyload\" data-srcset=\"https:\/\/hifi-achterholt.de\/wordpress\/wp-content\/uploads\/2022\/11\/Space-Op_3Col-Module.jpg 652w, https:\/\/hifi-achterholt.de\/wordpress\/wp-content\/uploads\/2022\/11\/Space-Op_3Col-Module-400x248.jpg 400w, https:\/\/hifi-achterholt.de\/wordpress\/wp-content\/uploads\/2022\/11\/Space-Op_3Col-Module-300x186.jpg 300w, https:\/\/hifi-achterholt.de\/wordpress\/wp-content\/uploads\/2022\/11\/Space-Op_3Col-Module-624x387.jpg 624w\" data-sizes=\"(max-width: 652px) 100vw, 652px\" src=\"data:image\/svg+xml;base64,PHN2ZyB3aWR0aD0iMSIgaGVpZ2h0PSIxIiB4bWxucz0iaHR0cDovL3d3dy53My5vcmcvMjAwMC9zdmciPjwvc3ZnPg==\" style=\"--smush-placeholder-width: 652px; --smush-placeholder-aspect-ratio: 652\/404;\" \/><\/a><\/figure>\n\n\n\n<h3 class=\"wp-block-heading\">Space Optimisation<\/h3>\n\n\n\n<p>Space Optimisation entfernt ungewollte verzerrende Effekte aus Ihrer Umgebung, um den wahren Klang Ihrer Musik zu offenbaren. Ganz gleich, welche Lautsprecher Sie nutzen und wie Sie Ihren Raum gestaltet haben \u2013 Sie h\u00f6ren einen Klang, der individuell f\u00fcr Sie optimiert wurde.<\/p>\n\n\n\n<div class=\"wp-block-buttons is-content-justification-center is-layout-flex wp-container-core-buttons-is-layout-16018d1d wp-block-buttons-is-layout-flex\">\n<div class=\"wp-block-button has-custom-width wp-block-button__width-50 is-style-outline is-style-outline--3\"><a class=\"wp-block-button__link wp-element-button\" href=\"https:\/\/hifi-achterholt.de\/de\/raum-optimierung\/\">Lies mehr &#8230;<\/a><\/div>\n<\/div>\n<\/div>\n<\/div>\n","protected":false},"excerpt":{"rendered":"<p>Linn\u00b4s Erfolg ist das Resultat jahrzehntelanger Forschung und Innovation Entdecken Sie die Welt der Linn Technologie.Unser Fortschritt ist Teil unseres Bestrebens, Ihnen das bestm\u00f6gliche Audioerlebnis zu bieten. Entdecken Sie mehr \u00fcber unsere bahnbrechenden und branchenf\u00fchrenden Technologien. Einfach besser Kein HiFi-Hersteller hat die Szene so ver\u00e4ndert wie die Firma Linn. Es ist keineswegs \u00fcbertrieben zu sagen: [&hellip;]<\/p>\n","protected":false},"author":24783,"featured_media":0,"parent":0,"menu_order":25,"comment_status":"closed","ping_status":"closed","template":"page-templates\/full-width.php","meta":{"footnotes":""},"class_list":["post-1341","page","type-page","status-publish","hentry"],"featured_image_src":null,"_links":{"self":[{"href":"https:\/\/hifi-achterholt.de\/de\/wp-json\/wp\/v2\/pages\/1341","targetHints":{"allow":["GET"]}}],"collection":[{"href":"https:\/\/hifi-achterholt.de\/de\/wp-json\/wp\/v2\/pages"}],"about":[{"href":"https:\/\/hifi-achterholt.de\/de\/wp-json\/wp\/v2\/types\/page"}],"author":[{"embeddable":true,"href":"https:\/\/hifi-achterholt.de\/de\/wp-json\/wp\/v2\/users\/24783"}],"replies":[{"embeddable":true,"href":"https:\/\/hifi-achterholt.de\/de\/wp-json\/wp\/v2\/comments?post=1341"}],"version-history":[{"count":38,"href":"https:\/\/hifi-achterholt.de\/de\/wp-json\/wp\/v2\/pages\/1341\/revisions"}],"predecessor-version":[{"id":8954,"href":"https:\/\/hifi-achterholt.de\/de\/wp-json\/wp\/v2\/pages\/1341\/revisions\/8954"}],"wp:attachment":[{"href":"https:\/\/hifi-achterholt.de\/de\/wp-json\/wp\/v2\/media?parent=1341"}],"curies":[{"name":"wp","href":"https:\/\/api.w.org\/{rel}","templated":true}]}}